{"id":173,"date":"2015-05-13T23:10:28","date_gmt":"2015-05-13T23:10:28","guid":{"rendered":"https:\/\/lacerti.pl\/blog\/?page_id=173"},"modified":"2015-12-30T12:58:02","modified_gmt":"2015-12-30T12:58:02","slug":"kontakt","status":"publish","type":"page","link":"https:\/\/lacerti.pl\/index.php\/kontakt\/","title":{"rendered":"Kontakt"},"content":{"rendered":"<h6 style=\"text-align: center;\">Masz pytania? Ch\u0119tnie na nie odpowiemy&#8230;<br \/>\nNie znalaz\u0142e\u015b szkolenia dla siebie? Mo\u017cemy je dla Ciebie przygotowa\u0107!<\/h6>\n<p style=\"text-align: center;\"><div class=\"tx-spacer clearfix\" style=\"height: 16px\"><\/div>\n<p style=\"text-align: center;\">Najwygodniejsz\u0105 dla nas form\u0105 kontaktu jest poni\u017cszy formularz lub e-mail,<br \/>\ngdy\u017c telefonu czasami mo\u017cemy nie odbiera\u0107 &#8211; prawdopodobnie prowadzimy wtedy szkolenie \ud83d\ude42<\/p>\n<p style=\"text-align: center;\"><div class=\"tx-divider clearfix\" style=\"margin-top: 24px;margin-bottom: 24px\"><\/div>\n<div class=\"tx-row \">\n<div class=\"tx-column tx-column-size-1-3\"><a href=\"http:\/\/lacerti.pl\/wp-content\/uploads\/2015\/05\/qrcode-lacerti-url.png\"><img loading=\"lazy\" decoding=\"async\" class=\" prostokatne-12 wp-image-157 alignright\" src=\"http:\/\/lacerti.pl\/wp-content\/uploads\/2015\/05\/qrcode-lacerti-url-150x150.png\" alt=\"\" width=\"90\" height=\"90\" srcset=\"https:\/\/lacerti.pl\/wp-content\/uploads\/2015\/05\/qrcode-lacerti-url-150x150.png 150w, https:\/\/lacerti.pl\/wp-content\/uploads\/2015\/05\/qrcode-lacerti-url-300x300.png 300w, https:\/\/lacerti.pl\/wp-content\/uploads\/2015\/05\/qrcode-lacerti-url-624x624.png 624w, https:\/\/lacerti.pl\/wp-content\/uploads\/2015\/05\/qrcode-lacerti-url-200x200.png 200w, https:\/\/lacerti.pl\/wp-content\/uploads\/2015\/05\/qrcode-lacerti-url-400x400.png 400w, https:\/\/lacerti.pl\/wp-content\/uploads\/2015\/05\/qrcode-lacerti-url.png 1000w\" sizes=\"auto, (max-width: 90px) 100vw, 90px\" \/><\/a><\/div>\n<div class=\"tx-column tx-column-size-2-3\">\n<strong>Lacerti\u00a0<\/strong>| szkolenia marketingowe i doradztwo Wroc\u0142aw<br \/>\ntel.: 609 416 309<br \/>\ne-mail: biuro (at) lacerti.pl<\/p>\n<p><a href=\"http:\/\/lacerti.pl\/wp-content\/uploads\/2015\/05\/dodatek2.png\"><img loading=\"lazy\" decoding=\"async\" class=\"alignnone size-full wp-image-180\" src=\"http:\/\/lacerti.pl\/wp-content\/uploads\/2015\/05\/dodatek2.png\" alt=\"dodatek2\" width=\"246\" height=\"10\" srcset=\"https:\/\/lacerti.pl\/wp-content\/uploads\/2015\/05\/dodatek2.png 246w, https:\/\/lacerti.pl\/wp-content\/uploads\/2015\/05\/dodatek2-230x10.png 230w\" sizes=\"auto, (max-width: 246px) 100vw, 246px\" \/><\/a><br \/>\n<\/div>\n<\/div>\n<div class=\"tx-row \">\n<div class=\"tx-column tx-column-size-1-2\">\n<h2><img loading=\"lazy\" decoding=\"async\" class=\"alignnone wp-image-156 size-full\" src=\"http:\/\/lacerti.pl\/wp-content\/uploads\/2015\/05\/mail.png\" alt=\"mail\" width=\"75\" height=\"68\" \/>\u00a0Formularz kontaktowy<\/h2>\n\n<div class=\"wpcf7 no-js\" id=\"wpcf7-f176-o1\" lang=\"pl-PL\" dir=\"ltr\" data-wpcf7-id=\"176\">\n<div class=\"screen-reader-response\"><p role=\"status\" aria-live=\"polite\" aria-atomic=\"true\"><\/p> <ul><\/ul><\/div>\n<form action=\"\/index.php\/wp-json\/wp\/v2\/pages\/173#wpcf7-f176-o1\" method=\"post\" class=\"wpcf7-form init\" aria-label=\"Formularz kontaktowy\" novalidate=\"novalidate\" data-status=\"init\">\n<fieldset class=\"hidden-fields-container\"><input type=\"hidden\" name=\"_wpcf7\" value=\"176\" \/><input type=\"hidden\" name=\"_wpcf7_version\" value=\"6.1.5\" \/><input type=\"hidden\" name=\"_wpcf7_locale\" value=\"pl_PL\" \/><input type=\"hidden\" name=\"_wpcf7_unit_tag\" value=\"wpcf7-f176-o1\" \/><input type=\"hidden\" name=\"_wpcf7_container_post\" value=\"0\" \/><input type=\"hidden\" name=\"_wpcf7_posted_data_hash\" value=\"\" \/>\n<\/fieldset>\n<p>Imi\u0119 i nazwisko (wymagane)\n<\/p>\n<p><span class=\"wpcf7-form-control-wrap\" data-name=\"your-name\"><input size=\"40\" maxlength=\"400\" class=\"wpcf7-form-control wpcf7-text wpcf7-validates-as-required\" aria-required=\"true\" aria-invalid=\"false\" value=\"\" type=\"text\" name=\"your-name\" \/><\/span>\n<\/p>\n<p>Adres email (wymagane)\n<\/p>\n<p><span class=\"wpcf7-form-control-wrap\" data-name=\"your-email\"><input size=\"40\" maxlength=\"400\" class=\"wpcf7-form-control wpcf7-email wpcf7-validates-as-required wpcf7-text wpcf7-validates-as-email\" aria-required=\"true\" aria-invalid=\"false\" value=\"\" type=\"email\" name=\"your-email\" \/><\/span>\n<\/p>\n<p>Temat\n<\/p>\n<p><span class=\"wpcf7-form-control-wrap\" data-name=\"your-subject\"><input size=\"40\" maxlength=\"400\" class=\"wpcf7-form-control wpcf7-text wpcf7-validates-as-required\" aria-required=\"true\" aria-invalid=\"false\" value=\"\" type=\"text\" name=\"your-subject\" \/><\/span>\n<\/p>\n<p>Tre\u015b\u0107 wiadomo\u015bci\n<\/p>\n<p><span class=\"wpcf7-form-control-wrap\" data-name=\"your-message\"><textarea cols=\"40\" rows=\"3\" maxlength=\"2000\" class=\"wpcf7-form-control wpcf7-textarea wpcf7-validates-as-required\" aria-required=\"true\" aria-invalid=\"false\" name=\"your-message\"><\/textarea><\/span>\n<\/p>\n<P>Wpisz kod CAPTCHA\n<\/p>\n<p><input type=\"hidden\" name=\"_wpcf7_captcha_challenge_captcha-937\" value=\"3805083097\" \/><img loading=\"lazy\" decoding=\"async\" class=\"wpcf7-form-control wpcf7-captchac wpcf7-captcha-captcha-937\" width=\"72\" height=\"24\" alt=\"captcha\" src=\"https:\/\/lacerti.pl\/wp-content\/uploads\/wpcf7_captcha\/3805083097.png\" \/>\n<\/p>\n<p><span class=\"wpcf7-form-control-wrap\" data-name=\"captcha-937\"><input size=\"40\" class=\"wpcf7-form-control wpcf7-captchar\" autocomplete=\"off\" aria-invalid=\"false\" value=\"\" type=\"text\" name=\"captcha-937\" \/><\/span>\n<\/p>\n<p><input class=\"wpcf7-form-control wpcf7-submit has-spinner\" type=\"submit\" value=\"Wy\u015blij\" \/>\n<\/p><div class=\"wpcf7-response-output\" aria-hidden=\"true\"><\/div>\n<\/form>\n<\/div>\n<\/div><div class=\"tx-column tx-column-size-1-2\">\n<!-- iframe plugin v.6.0 wordpress.org\/plugins\/iframe\/ -->\n<iframe loading=\"lazy\" src=\"https:\/\/www.google.com\/maps\/embed?pb=!1m14!1m12!1m3!1d40076.042162674144!2d17.04206095019529!3d51.11302396604272!2m3!1f0!2f0!3f0!3m2!1i1024!2i768!4f13.1!5e0!3m2!1spl!2spl!4v1431560054855\" width=\"500\" height=\"570\" frameborder=\"0\" style=\"border:0\" scrolling=\"yes\" class=\"iframe-class\"><\/iframe>\n<\/div>\n<\/div>\n","protected":false},"excerpt":{"rendered":"<p>Masz pytania? Ch\u0119tnie na nie odpowiemy&#8230; Nie znalaz\u0142e\u015b szkolenia dla siebie? Mo\u017cemy je dla Ciebie przygotowa\u0107! Najwygodniejsz\u0105 dla nas form\u0105 kontaktu jest poni\u017cszy formularz lub e-mail, gdy\u017c telefonu czasami mo\u017cemy nie odbiera\u0107 &#8211; prawdopodobnie prowadzimy wtedy szkolenie \ud83d\ude42<\/p>\n","protected":false},"author":1,"featured_media":0,"parent":0,"menu_order":0,"comment_status":"closed","ping_status":"closed","template":"page-templates\/template-contact.php","meta":{"footnotes":""},"class_list":["post-173","page","type-page","status-publish","hentry","gallery-content-unit"],"_links":{"self":[{"href":"https:\/\/lacerti.pl\/index.php\/wp-json\/wp\/v2\/pages\/173","targetHints":{"allow":["GET"]}}],"collection":[{"href":"https:\/\/lacerti.pl\/index.php\/wp-json\/wp\/v2\/pages"}],"about":[{"href":"https:\/\/lacerti.pl\/index.php\/wp-json\/wp\/v2\/types\/page"}],"author":[{"embeddable":true,"href":"https:\/\/lacerti.pl\/index.php\/wp-json\/wp\/v2\/users\/1"}],"replies":[{"embeddable":true,"href":"https:\/\/lacerti.pl\/index.php\/wp-json\/wp\/v2\/comments?post=173"}],"version-history":[{"count":30,"href":"https:\/\/lacerti.pl\/index.php\/wp-json\/wp\/v2\/pages\/173\/revisions"}],"predecessor-version":[{"id":513,"href":"https:\/\/lacerti.pl\/index.php\/wp-json\/wp\/v2\/pages\/173\/revisions\/513"}],"wp:attachment":[{"href":"https:\/\/lacerti.pl\/index.php\/wp-json\/wp\/v2\/media?parent=173"}],"curies":[{"name":"wp","href":"https:\/\/api.w.org\/{rel}","templated":true}]}}