{"id":192,"date":"2015-05-14T08:42:58","date_gmt":"2015-05-14T08:42:58","guid":{"rendered":"https:\/\/lacerti.pl\/blog\/?page_id=192"},"modified":"2017-02-04T10:33:55","modified_gmt":"2017-02-04T10:33:55","slug":"lacerti-szkolenia-marketingowe","status":"publish","type":"page","link":"https:\/\/lacerti.pl\/index.php\/lacerti-szkolenia-marketingowe\/","title":{"rendered":"Szkolenia marketingowe"},"content":{"rendered":"<p align=\"center\"><div class=\"tx-row \">\n<p style=\"text-align: center\"><div class=\"tx-column tx-column-size-\">\n<img loading=\"lazy\" decoding=\"async\" class=\"aligncenter wp-image-142 size-full\" src=\"http:\/\/lacerti.pl\/wp-content\/uploads\/2015\/05\/ikony-ludzie.png\" alt=\"Szkolenia marketingowe\" width=\"36\" height=\"36\" \/><\/p>\n<h6 style=\"text-align: center\">Dla\u00a0kogo<\/h6>\n<p style=\"text-align: center\">Grupa docelowa\u00a0to osoby<br \/>\nprofesjonalnie zajmuj\u0105ce<br \/>\nsi\u0119 marketingiem.<br \/>\n<\/div>\n<div class=\"tx-column tx-column-size-\">\n<p><img loading=\"lazy\" decoding=\"async\" class=\"aligncenter wp-image-147 size-full\" src=\"http:\/\/lacerti.pl\/wp-content\/uploads\/2015\/05\/ikony-znak-zapytania.png\" alt=\"Szkolenia marketingowe\" width=\"36\" height=\"36\" \/><\/p>\n<h6 style=\"text-align: center\">Badanie<br \/>\npotrzeb<\/h6>\n<p style=\"text-align: center\">Szczeg\u00f3\u0142owo opracowany<br \/>\nplan oraz zakres tematyczny<br \/>\nka\u017cdego szkolenia.<\/p>\n<p style=\"text-align: center\"><\/div>\n<div class=\"tx-column tx-column-size-\">\n<p><img loading=\"lazy\" decoding=\"async\" class=\"aligncenter wp-image-144 size-full\" src=\"http:\/\/lacerti.pl\/wp-content\/uploads\/2015\/05\/ikony-spinacz.png\" alt=\"Szkolenia marketingowe\" width=\"36\" height=\"36\" \/><\/p>\n<h6 style=\"text-align: center\">Co \u00a0zyskujesz<\/h6>\n<p style=\"text-align: center\">Prezycyjnie wybrane<br \/>\npraktyczne umiej\u0119tno\u015bci<br \/>\noraz kompetencje.<\/p>\n<p style=\"text-align: center\"><\/div>\n<div class=\"tx-column tx-column-size-\">\n<p><a href=\"http:\/\/lacerti.pl\/wp-content\/uploads\/2015\/05\/ikony-chat.png\"><img loading=\"lazy\" decoding=\"async\" class=\"aligncenter wp-image-138 size-full\" src=\"http:\/\/lacerti.pl\/wp-content\/uploads\/2015\/05\/ikony-chat.png\" alt=\"Szkolenia marketingowe\" width=\"36\" height=\"36\" \/><\/a><\/p>\n<h6 style=\"text-align: center\">Metody<br \/>\nszkoleniowe<\/h6>\n<p style=\"text-align: center\">Nowoczesne techniki<br \/>\nszkolenia podnosz\u0105ce<br \/>\nefektywno\u015b\u0107.<\/p>\n<p style=\"text-align: center\"><\/div>\n<div class=\"tx-column tx-column-size-\">\n<p><img loading=\"lazy\" decoding=\"async\" class=\"aligncenter wp-image-137 size-full\" src=\"http:\/\/lacerti.pl\/wp-content\/uploads\/2015\/05\/ikony-certyfikat.png\" alt=\"Szkolenia marketingowe\" width=\"36\" height=\"36\" \/><\/p>\n<h6 style=\"text-align: center\">Program<br \/>\ncertyfikacji<\/h6>\n<p style=\"text-align: center\">Wiedza i umiej\u0119tno\u015bci<br \/>\npo\u015bwiadczone<br \/>\npisemnym certyfikatem.<\/div>\n<\/div>\n<div class=\"tx-divider clearfix\" style=\"margin-top: 24px;margin-bottom: 24px\"><\/div>\n<h2>Szkolenia marketingowe otwarte<\/h2>\n<ul>\n<li><strong><img loading=\"lazy\" decoding=\"async\" class=\"alignright wp-image-292 size-full\" title=\"Szkolenia marketingowe\" src=\"http:\/\/lacerti.pl\/wp-content\/uploads\/2015\/05\/image004.jpg\" alt=\"Szkolenia marketingowe\" width=\"415\" height=\"269\" srcset=\"https:\/\/lacerti.pl\/wp-content\/uploads\/2015\/05\/image004.jpg 415w, https:\/\/lacerti.pl\/wp-content\/uploads\/2015\/05\/image004-300x194.jpg 300w, https:\/\/lacerti.pl\/wp-content\/uploads\/2015\/05\/image004-400x259.jpg 400w\" sizes=\"auto, (max-width: 415px) 100vw, 415px\" \/>Szkolenia otwarte<\/strong>\u00a0dla os\u00f3b indywidualnych oraz dla pracownik\u00f3w firm.<\/li>\n<li>Zapewniamy kameralne grupy szkoleniowe (do 12 os\u00f3b) gwarantuj\u0105ce wysoki poziom i skuteczno\u015b\u0107.<\/li>\n<li>Dyskusje i wymiana informacji pomi\u0119dzy uczestnikami maj\u0105cymi r\u00f3\u017cne do\u015bwiadczenia inspiruje do nowych pomys\u0142\u00f3w i nieszablonowych dzia\u0142a\u0144!<\/li>\n<li>Otwarte szkolenia marketingowe przeprowadzamy w\u00a0<strong>centrach konferencyjno-szkoleniowych\u00a0<\/strong>oraz<strong>\u00a0hotelach<\/strong>. Zapewniamy\u00a0<strong>najwy\u017cszy standard sal<\/strong>umo\u017cliwiaj\u0105cy korzystanie z nowoczesnych metod dydaktycznych.<\/li>\n<li>Sale, w kt\u00f3rych odbywaj\u0105 si\u0119 szkolenia najcz\u0119\u015bciej s\u0105 wyposa\u017cone m.in. w\u00a0<strong>projektor multimedialny<\/strong>\u00a0i ekran, komputer i\u00a0<strong>dost\u0119p do Internetu<\/strong>, flipchart i\/lub tablic\u0119 sucho\u015bcieraln\u0105, system nag\u0142o\u015bnienia, klimatyzacj\u0119 itd.<\/li>\n<li>Dok\u0142adna lokalizacja szkolenia jest okre\u015blona w potwierdzeniu rejestracji na szkolenie. Jedn\u0105 z lokalizacji naszych szkole\u0144 jest hotel Europeum przy ul. Kazimierza Wielkiego.<\/li>\n<\/ul>\n<p style=\"text-align: center;\"><div class=\"tx-divider clearfix\" style=\"margin-top: 24px;margin-bottom: 24px\"><\/div>\n<span style=\"text-align: center; font-size: 240%; color: #0075a3;\">Wybierz interesuj\u0105ce Ci\u0119 szkolenie!<\/span><\/p>\n<div class=\"tx-portfolio tx-post-row tx-carousel\" data-columns=\"3\"><div class=\"tx-portfolio-item tx-post-col-3\"><div class=\"tx-border-box\"><span class=\"folio-head\"><h3 class=\"tx-folio-title\"><a href=\"https:\/\/lacerti.pl\/?portfolio=szkolenie-public-relations-pr-jako-forma-skutecznej-promocji-wspolpraca-z-mediami\">Szkolenie: Public Relations (PR) jako forma skutecznej promocji &#8211; wsp\u00f3\u0142praca z mediami<\/a><\/h3><div style=\"display: block; clear: both; height: 16px;\"><\/div><\/span><div class=\"tx-folio-content\">Media kreuj\u0105 opinie i gusta. Na szkoleniu &#8222;Public Relations (PR) jako forma skutecznej promocji &#8211; wsp\u00f3\u0142praca z mediami&#8221; dowiesz si\u0119 jak\u00a0\u00a0efektywnie wsp\u00f3\u0142pracowa\u0107 z dziennikarzami\u00a0oraz\u00a0agencjami PR. Nauczysz si\u0119 przygotowywa\u0107\u00a0\u00a0skuteczne materia\u0142y dla medi\u00f3w\u00a0&#8211;\u00a0informacje prasowe, komunikaty, o\u015bwiadczenia itp.\u00a0Poznasz metody skutecznego radzenia sobie z\u00a0sytuacjami<\/div><\/div><\/div><div class=\"tx-portfolio-item tx-post-col-3\"><div class=\"tx-border-box\"><span class=\"folio-head\"><h3 class=\"tx-folio-title\"><a href=\"https:\/\/lacerti.pl\/?portfolio=szkolenie-certyfikowany-specjalista-ds-marketingu-efektywne-dzialania-marketingowe\">Szkolenie: Certyfikowany specjalista ds. marketingu &#8211; efektywne dzia\u0142ania marketingowe<\/a><\/h3><div style=\"display: block; clear: both; height: 16px;\"><\/div><\/span><div class=\"tx-folio-content\">Szkolenie marketingowe &#8222;Certyfikowany specjalista ds. marketingu &#8211; efektywne dzia\u0142ania marketingowe &#8221; jest przeznaczone dla tych wszystkich, dla kt\u00f3rych\u00a0zdobycie wiedzy z zakresu marketingu jest niezb\u0119dne w codziennej pracy.\u00a0Na szkoleniu poznasz jak\u00a0zaplanowa\u0107 dzia\u0142ania marketingowe\u00a0Twojej firmy i jak je wykona\u0107. Dowiesz si\u0119 jak<\/div><\/div><\/div><div class=\"tx-portfolio-item tx-post-col-3\"><div class=\"tx-border-box\"><span class=\"folio-head\"><h3 class=\"tx-folio-title\"><a href=\"https:\/\/lacerti.pl\/?portfolio=szkolenie-marketing-internetowy-e-marketing-w-praktyce-www-seo-e-mailing-content\">Szkolenie: Marketing internetowy (e-marketing) w praktyce \u2013 WWW, SEO, e-mailing, content<\/a><\/h3><div style=\"display: block; clear: both; height: 16px;\"><\/div><\/span><div class=\"tx-folio-content\">Szkolenie &#8222;Marketing internetowy (e-marketing) w praktyce &#8211; WWW, SEO, e-mailing, content&#8221; pozwoli Twojej organizacji skutecznie funkcjonowa\u0107 i wygrywa\u0107 z konkurencj\u0105 wykorzystuj\u0105c najnowsze narz\u0119dzia Internetu. Poznasz tajniki skutecznie zaprojektowanej i wykonanej\u00a0strony WWW, dowiesz si\u0119 o\u00a0\u00a0usability,\u00a0SEO,\u00a0UX\u00a0i\u00a0UI. Nauczymy Ci\u0119 jak powinien by\u0107 zbudowany<\/div><\/div><\/div><div class=\"tx-portfolio-item tx-post-col-3\"><div class=\"tx-border-box\"><span class=\"folio-head\"><h3 class=\"tx-folio-title\"><a href=\"https:\/\/lacerti.pl\/?portfolio=szkolenie-sztuka-wystapien-publicznych-i-tworzenia-prezentacji-radzenie-sobie-z-trema\">Szkolenie: Sztuka wyst\u0105pie\u0144 publicznych  i tworzenia prezentacji &#8211; radzenie sobie z trem\u0105<\/a><\/h3><div style=\"display: block; clear: both; height: 16px;\"><\/div><\/span><div class=\"tx-folio-content\">Szkolenie marketingowe &#8222;Sztuka wyst\u0105pie\u0144 publicznych i tworzenia prezentacji &#8211; radzenie sobie z trem\u0105&#8221; obejmuje zasady\u00a0autoprezentacji,\u00a0wyst\u0105pie\u0144 publicznych\u00a0oraz tworzenia skutecznych\u00a0prezentacji Microsoft Power Point. Poruszane s\u0105 zagadnienia\u00a0mowy cia\u0142a, intonacji g\u0142osu i\u00a0regulacji oddechu, zasad erystyki i retoryki wraz z\u00a0mnemotechnikami. Na szkoleniu nauczysz si\u0119 jak<\/div><\/div><\/div><div class=\"tx-portfolio-item tx-post-col-3\"><div class=\"tx-border-box\"><span class=\"folio-head\"><h3 class=\"tx-folio-title\"><a href=\"https:\/\/lacerti.pl\/?portfolio=szkolenie-tworzenie-kampanii-reklamowych-mediaplany-nosniki-reklamowe-efektywnosc\">Szkolenie: Tworzenie kampanii reklamowych  &#8211; mediaplany, no\u015bniki reklamowe, efektywno\u015b\u0107<\/a><\/h3><div style=\"display: block; clear: both; height: 16px;\"><\/div><\/span><div class=\"tx-folio-content\">Szkolenie &#8222;Tworzenie kampanii reklamowych &#8211; mediaplany, no\u015bniki reklamowe, efektywno\u015b\u0107&#8221; przygotuje Ci\u0119 do\u00a0zaplanowania i przeprowadzenia skutecznej kampanii reklamowej. Nauczysz si\u0119 jak opracowa\u0107 wyczerpuj\u0105cy\u00a0brief marketingowy\u00a0i jak\u00a0wsp\u00f3\u0142pracowa\u0107 z agencjami reklamowymi. Odkryjesz dlaczego jedna\u00a0reklama jest skuteczna, a inna nie. Dowiesz si\u0119 ponadto jak rozmawia\u0107<\/div><\/div><\/div><\/div>\n<div class=\"tx-spacer clearfix\" style=\"height: 26px\"><\/div>\n<p>Je\u017celi nie znalaz\u0142e\u015b interesuj\u0105cego Ci\u0119 tematu szkolenia z zakresu marketingu i sprzeda\u017cy\u00a0skontaktuj si\u0119 z nami\u00a0\u2013 przygotujemy szkolenie wg Twoich indywidualnych potrzeb.<\/p>\n<div class=\"tx-divider clearfix\" style=\"margin-top: 24px;margin-bottom: 24px\"><\/div>\n<h2>Szkolenia marketingowe zamkni\u0119te<\/h2>\n<ul>\n<li><strong><img loading=\"lazy\" decoding=\"async\" class=\"alignright wp-image-293 size-full\" title=\"Szkolenia marketingowe\" src=\"http:\/\/lacerti.pl\/wp-content\/uploads\/2015\/05\/image002.jpg\" alt=\"Szkolenia marketingowe\" width=\"415\" height=\"291\" srcset=\"https:\/\/lacerti.pl\/wp-content\/uploads\/2015\/05\/image002.jpg 415w, https:\/\/lacerti.pl\/wp-content\/uploads\/2015\/05\/image002-300x210.jpg 300w, https:\/\/lacerti.pl\/wp-content\/uploads\/2015\/05\/image002-400x280.jpg 400w\" sizes=\"auto, (max-width: 415px) 100vw, 415px\" \/>Szkolenia zamkni\u0119te<\/strong>\u00a0dla firm i zorganizowanych grup przygotowujemy na podstawie\u00a0<strong>indywidualnie rozpoznanych potrzeb<\/strong>\u00a0szkoleniowych.<br \/>\nWsp\u00f3lnie okre\u015blamy\u00a0<strong>cele szkolenia<\/strong>\u00a0oraz spos\u00f3b\u00a0<strong>oceny jego efektywno\u015bci<\/strong>.<\/li>\n<li>Przygotowujemy szkolenia dopasowane do okre\u015blonych wymaga\u0144 grupy \u2013 zar\u00f3wno pod wzgl\u0119dem merytorycznym jak i organizacyjnym.<\/li>\n<li>Szkolenia mog\u0105 odbywa\u0107 si\u0119 zar\u00f3wno\u00a0<strong>w dni robocze, jak i w weekendy<\/strong>.<\/li>\n<li>Dla firm i zorganizowanych grup realizujemy szkolenia w lokalizacji wskazanej przez Klienta. Mo\u017ce to by\u0107 siedziba Klienta, hotel lub centrum szkoleniowo-konferencyjne w dowolnej lokalizacji w Polsce oraz za granic\u0105. S\u0142u\u017cymy pomoc\u0105 w wyborze miejsca szkolenia wyjazdowego i jego organizacji.<\/li>\n<\/ul>\n<p>&nbsp;<\/p>\n<div class=\"tx-divider clearfix\" style=\"margin-top: 24px;margin-bottom: 24px\"><\/div>\n<h2><\/h2>\n<div class=\"tx-row \">\n<div class=\"tx-column tx-column-size-1-2\">\n<h2 style=\"text-align: left\">Nie znalaz\u0142e\u015b szkolenia dla siebie?<\/h2>\n<p style=\"text-align: left\">Nic nie szkodzi. Mo\u017cemy je dla Ciebie przygotowa\u0107! Prze\u015blij nam swoje pytanie lub sugesti\u0119 &#8211; na pewno we\u017amiemy je pod uwag\u0119 i powiadomimy Ci\u0119 o zmianach w naszej ofercie!<\/p>\n\n<div class=\"wpcf7 no-js\" id=\"wpcf7-f346-o1\" lang=\"pl-PL\" dir=\"ltr\" data-wpcf7-id=\"346\">\n<div class=\"screen-reader-response\"><p role=\"status\" aria-live=\"polite\" aria-atomic=\"true\"><\/p> <ul><\/ul><\/div>\n<form action=\"\/index.php\/wp-json\/wp\/v2\/pages\/192#wpcf7-f346-o1\" method=\"post\" class=\"wpcf7-form init\" aria-label=\"Formularz kontaktowy\" novalidate=\"novalidate\" data-status=\"init\">\n<fieldset class=\"hidden-fields-container\"><input type=\"hidden\" name=\"_wpcf7\" value=\"346\" \/><input type=\"hidden\" name=\"_wpcf7_version\" value=\"6.1.5\" \/><input type=\"hidden\" name=\"_wpcf7_locale\" value=\"pl_PL\" \/><input type=\"hidden\" name=\"_wpcf7_unit_tag\" value=\"wpcf7-f346-o1\" \/><input type=\"hidden\" name=\"_wpcf7_container_post\" value=\"0\" \/><input type=\"hidden\" name=\"_wpcf7_posted_data_hash\" value=\"\" \/>\n<\/fieldset>\n<p>Imi\u0119 i nazwisko (wymagane)\n<\/p>\n<p><span class=\"wpcf7-form-control-wrap\" data-name=\"your-name\"><input size=\"40\" maxlength=\"400\" class=\"wpcf7-form-control wpcf7-text wpcf7-validates-as-required\" aria-required=\"true\" aria-invalid=\"false\" value=\"\" type=\"text\" name=\"your-name\" \/><\/span>\n<\/p>\n<p>Adres email (wymagane)\n<\/p>\n<p><span class=\"wpcf7-form-control-wrap\" data-name=\"your-email\"><input size=\"40\" maxlength=\"400\" class=\"wpcf7-form-control wpcf7-email wpcf7-validates-as-required wpcf7-text wpcf7-validates-as-email\" aria-required=\"true\" aria-invalid=\"false\" value=\"\" type=\"email\" name=\"your-email\" \/><\/span>\n<\/p>\n<p>Temat\n<\/p>\n<p><span class=\"wpcf7-form-control-wrap\" data-name=\"your-subject\"><input size=\"40\" maxlength=\"400\" class=\"wpcf7-form-control wpcf7-text wpcf7-validates-as-required\" aria-required=\"true\" aria-invalid=\"false\" value=\"\" type=\"text\" name=\"your-subject\" \/><\/span>\n<\/p>\n<p>Tre\u015b\u0107 wiadomo\u015bci\n<\/p>\n<p><span class=\"wpcf7-form-control-wrap\" data-name=\"your-message\"><textarea cols=\"40\" rows=\"3\" maxlength=\"2000\" class=\"wpcf7-form-control wpcf7-textarea wpcf7-validates-as-required\" aria-required=\"true\" aria-invalid=\"false\" name=\"your-message\"><\/textarea><\/span>\n<\/p>\n<p>Wpisz kod CAPTCHA\n<\/p>\n<p><input type=\"hidden\" name=\"_wpcf7_captcha_challenge_captcha-547\" value=\"1452337492\" \/><img loading=\"lazy\" decoding=\"async\" class=\"wpcf7-form-control wpcf7-captchac wpcf7-captcha-captcha-547\" width=\"72\" height=\"24\" alt=\"captcha\" src=\"https:\/\/lacerti.pl\/wp-content\/uploads\/wpcf7_captcha\/1452337492.png\" \/>\n<\/p>\n<p><span class=\"wpcf7-form-control-wrap\" data-name=\"captcha-547\"><input size=\"40\" class=\"wpcf7-form-control wpcf7-captchar\" autocomplete=\"off\" aria-invalid=\"false\" value=\"\" type=\"text\" name=\"captcha-547\" \/><\/span>\n<\/p>\n<p><input class=\"wpcf7-form-control wpcf7-submit has-spinner\" type=\"submit\" value=\"Wy\u015blij\" \/>\n<\/p><div class=\"wpcf7-response-output\" aria-hidden=\"true\"><\/div>\n<\/form>\n<\/div>\n\n<\/div>\n<div class=\"tx-column tx-column-size-1-2\">\n<h2>Program certyfikacji<\/h2>\n<p><img loading=\"lazy\" decoding=\"async\" class=\"alignnone wp-image-129 size-full\" title=\"Szkolenia marketingowe\" src=\"http:\/\/lacerti.pl\/wp-content\/uploads\/2015\/05\/certyfikat.jpg\" alt=\"Szkolenia marketingowe\" width=\"220\" height=\"170\" \/><\/p>\n<p>Ka\u017cdy uczestnik szkolenia otrzymuje pisemne potwierdzenie uko\u0144czenia kursu. Nasz certyfikat gwarantuje rzetelne przygotowanie kandydata do pracy. Certyfikat Lacerti daje przewag\u0119 w procesie rekrutacji oraz dokumentuje rozw\u00f3j zawodowy.<\/div>\n<\/div>\n<div class=\"tx-spacer clearfix\" style=\"height: 26px\"><\/div>\n","protected":false},"excerpt":{"rendered":"<p>Szkolenia marketingowe otwarte Szkolenia otwarte\u00a0dla os\u00f3b indywidualnych oraz dla pracownik\u00f3w firm. Zapewniamy kameralne grupy szkoleniowe (do 12 os\u00f3b) gwarantuj\u0105ce wysoki poziom i skuteczno\u015b\u0107. Dyskusje i wymiana informacji pomi\u0119dzy uczestnikami maj\u0105cymi r\u00f3\u017cne do\u015bwiadczenia inspiruje do nowych pomys\u0142\u00f3w i nieszablonowych dzia\u0142a\u0144! Otwarte<\/p>\n","protected":false},"author":1,"featured_media":0,"parent":0,"menu_order":0,"comment_status":"closed","ping_status":"open","template":"","meta":{"footnotes":""},"class_list":["post-192","page","type-page","status-publish","hentry","gallery-content-unit"],"_links":{"self":[{"href":"https:\/\/lacerti.pl\/index.php\/wp-json\/wp\/v2\/pages\/192","targetHints":{"allow":["GET"]}}],"collection":[{"href":"https:\/\/lacerti.pl\/index.php\/wp-json\/wp\/v2\/pages"}],"about":[{"href":"https:\/\/lacerti.pl\/index.php\/wp-json\/wp\/v2\/types\/page"}],"author":[{"embeddable":true,"href":"https:\/\/lacerti.pl\/index.php\/wp-json\/wp\/v2\/users\/1"}],"replies":[{"embeddable":true,"href":"https:\/\/lacerti.pl\/index.php\/wp-json\/wp\/v2\/comments?post=192"}],"version-history":[{"count":69,"href":"https:\/\/lacerti.pl\/index.php\/wp-json\/wp\/v2\/pages\/192\/revisions"}],"predecessor-version":[{"id":528,"href":"https:\/\/lacerti.pl\/index.php\/wp-json\/wp\/v2\/pages\/192\/revisions\/528"}],"wp:attachment":[{"href":"https:\/\/lacerti.pl\/index.php\/wp-json\/wp\/v2\/media?parent=192"}],"curies":[{"name":"wp","href":"https:\/\/api.w.org\/{rel}","templated":true}]}}