{"id":213,"date":"2015-05-14T09:43:05","date_gmt":"2015-05-14T09:43:05","guid":{"rendered":"https:\/\/lacerti.pl\/blog\/?page_id=213"},"modified":"2015-05-15T09:41:41","modified_gmt":"2015-05-15T09:41:41","slug":"o-nas-szkolenia-i-doradztwo-marketingowe","status":"publish","type":"page","link":"https:\/\/lacerti.pl\/index.php\/o-nas-szkolenia-i-doradztwo-marketingowe\/","title":{"rendered":"O nas: szkolenia i doradztwo marketingowe"},"content":{"rendered":"<h6 style=\"text-align: left;\" align=\"center\">Wyr\u00f3\u017cnia nas do\u015bwiadczenie i skuteczno\u015b\u0107!<\/h6>\n<p>Lacerti specjalizuje si\u0119 w obszarze marketingu &#8211; w projektowaniu strategii marketingowych, kampanii promocyjnych, poprawianiu efektywno\u015bci dzia\u0142u handlowego, outsourcingu marketingowym oraz w szkoleniach zamkni\u0119tych dla firm.<\/p>\n<div class=\"tx-divider clearfix\" style=\"margin-top: 24px;margin-bottom: 24px\"><\/div>\n<div class=\"tx-row \">\n<div class=\"tx-column tx-column-size-\">\n<p><a href=\"https:\/\/lacerti.pl\/blog\/wp-content\/uploads\/2015\/05\/ikony-ludzie.png\"><img loading=\"lazy\" decoding=\"async\" class=\"aligncenter wp-image-142 size-full\" src=\"http:\/\/lacerti.pl\/wp-content\/uploads\/2015\/05\/ikony-ludzie.png\" alt=\"\" width=\"36\" height=\"36\" \/><\/a><\/p>\n<h6 style=\"text-align: center\">Wieloletnie<br \/>\ndo\u015bwiadczenie<\/h6>\n<p style=\"text-align: center\">Kilkana\u015bcie lat do\u015bwiadcze\u0144<br \/>\nw obszarze marketingu,<br \/>\nzarz\u0105dzania oraz sprzeda\u017cy.<br \/>\n<\/div>\n<div class=\"tx-column tx-column-size-\">\n<p><a href=\"https:\/\/lacerti.pl\/blog\/wp-content\/uploads\/2015\/05\/ikony-strzalki.png\"><img loading=\"lazy\" decoding=\"async\" class=\"aligncenter wp-image-145 size-full\" src=\"http:\/\/lacerti.pl\/wp-content\/uploads\/2015\/05\/ikony-strzalki.png\" alt=\"\" width=\"36\" height=\"36\" \/><\/a><\/p>\n<h6 style=\"text-align: center\">Spojrzenie<br \/>\nz dw\u00f3ch stron<\/h6>\n<p style=\"text-align: center\">Do\u015bwiadczenie w pracy<br \/>\nw dziale marketingu, agencji<br \/>\nreklamowej oraz wydawnictwie.<\/p>\n<p style=\"text-align: center\"><\/div>\n<div class=\"tx-column tx-column-size-\">\n<p style=\"text-align: center\"><img loading=\"lazy\" decoding=\"async\" class=\"aligncenter wp-image-140 size-full\" src=\"http:\/\/lacerti.pl\/wp-content\/uploads\/2015\/05\/ikony-glob.png\" alt=\"\" width=\"36\" height=\"36\" \/><\/p>\n<h6 style=\"text-align: center\">R\u00f3\u017cne<br \/>\nrynki<\/h6>\n<p style=\"text-align: center\">Spojrzenie na rynek polski<br \/>\nprzez pryzmat do\u015bwiadcze\u0144<br \/>\nz rynk\u00f3w mi\u0119dzynarodowych.<\/p>\n<p style=\"text-align: center\"><\/div>\n<div class=\"tx-column tx-column-size-\">\n<p><img loading=\"lazy\" decoding=\"async\" class=\"aligncenter wp-image-136 size-full\" src=\"http:\/\/lacerti.pl\/wp-content\/uploads\/2015\/05\/ikony-budynek.png\" alt=\"\" width=\"36\" height=\"36\" \/><\/p>\n<h6 style=\"text-align: center\">Doskona\u0142e<br \/>\nprzygotowanie<\/h6>\n<p style=\"text-align: center\">G\u0142\u0119bokie przygotowanie<br \/>\nteoretyczne w zakresie<br \/>\nmarketingu i finans\u00f3w.<\/p>\n<p style=\"text-align: center\"><\/div>\n<div class=\"tx-column tx-column-size-\">\n<p><a href=\"https:\/\/lacerti.pl\/blog\/wp-content\/uploads\/2015\/05\/ikony-certyfikat.png\"><img loading=\"lazy\" decoding=\"async\" class=\"aligncenter wp-image-137 size-full\" src=\"http:\/\/lacerti.pl\/wp-content\/uploads\/2015\/05\/ikony-certyfikat.png\" alt=\"\" width=\"36\" height=\"36\" \/><\/a><\/p>\n<h6 style=\"text-align: center\">Trener<br \/>\nbiznesu<\/h6>\n<p style=\"text-align: center\"><span style=\"line-height: 1.5\">Uko\u0144czony kurs<br \/>\ntrener\u00f3w biznesu<br \/>\npotwierdzony certyfikatem.<\/div><\/span><\/div>\n<div class=\"tx-divider clearfix\" style=\"margin-top: 24px;margin-bottom: 24px\"><\/div>\n<p>Wi\u0119cej o naszej ofercie:\u00a0<a class=\"normalny\" href=\"https:\/\/lacerti.pl\/index.php\/doradztwo\/\">outsourcing i doradztwo marketingowe\u00a0<\/a>oraz\u00a0<a class=\"normalny\" title=\"szkolenia marketingowe\" href=\"https:\/\/lacerti.pl\/index.php\/lacerti-szkolenia-marketingowe\/\">szkolenia marketingowe<\/a>. Zapraszamy tak\u017ce do lektury artyku\u0142\u00f3w na naszym\u00a0<a class=\"normalny\" href=\"https:\/\/lacerti.pl\/index.php\/category\/blog-marketing\/\">blogu marketingowym<\/a>\u00a0&#8211; mo\u017cesz znale\u017a\u0107 tam praktyczne porady z obszaru marketingu.<\/p>\n<div class=\"tx-spacer clearfix\" style=\"height: 36px\"><\/div>\n","protected":false},"excerpt":{"rendered":"<p>Lacerti specjalizuje si\u0119 w obszarze marketingu &#8211; w projektowaniu strategii marketingowych, kampanii promocyjnych, poprawianiu efektywno\u015bci dzia\u0142u handlowego, outsourcingu marketingowym oraz w szkoleniach zamkni\u0119tych dla firm.<\/p>\n","protected":false},"author":1,"featured_media":0,"parent":0,"menu_order":0,"comment_status":"closed","ping_status":"closed","template":"","meta":{"footnotes":""},"class_list":["post-213","page","type-page","status-publish","hentry","gallery-content-unit"],"_links":{"self":[{"href":"https:\/\/lacerti.pl\/index.php\/wp-json\/wp\/v2\/pages\/213","targetHints":{"allow":["GET"]}}],"collection":[{"href":"https:\/\/lacerti.pl\/index.php\/wp-json\/wp\/v2\/pages"}],"about":[{"href":"https:\/\/lacerti.pl\/index.php\/wp-json\/wp\/v2\/types\/page"}],"author":[{"embeddable":true,"href":"https:\/\/lacerti.pl\/index.php\/wp-json\/wp\/v2\/users\/1"}],"replies":[{"embeddable":true,"href":"https:\/\/lacerti.pl\/index.php\/wp-json\/wp\/v2\/comments?post=213"}],"version-history":[{"count":10,"href":"https:\/\/lacerti.pl\/index.php\/wp-json\/wp\/v2\/pages\/213\/revisions"}],"predecessor-version":[{"id":379,"href":"https:\/\/lacerti.pl\/index.php\/wp-json\/wp\/v2\/pages\/213\/revisions\/379"}],"wp:attachment":[{"href":"https:\/\/lacerti.pl\/index.php\/wp-json\/wp\/v2\/media?parent=213"}],"curies":[{"name":"wp","href":"https:\/\/api.w.org\/{rel}","templated":true}]}}